{"id":40731,"date":"2022-08-03T12:35:49","date_gmt":"2022-08-03T12:35:49","guid":{"rendered":"http:\/\/trekmedics.org\/apoyar-y-donar\/"},"modified":"2022-11-02T00:00:14","modified_gmt":"2022-11-02T00:00:14","slug":"donar","status":"publish","type":"page","link":"https:\/\/trekmedics.org\/es\/donar\/","title":{"rendered":"Donar"},"content":{"rendered":"<div  class=\"tpgb-section tpgb-block-ad7607  tpgb-section-stretch-row alignfull    beacon-page-beacon-section alignfull  \" data-id=\"ad7607\"   ><div class=\"tpgb-section-wrap  tpgb-container\">\n<div class=\"tpgb-column tpgb-block-c0fe17  tpgb-md-col-100 tpgb-sm-col-100 tpgb-xs-col-100\"  data-id=\"c0fe17\"  ><div class=\"tpgb-column-wrap\"><div class=\"tpgb-column-inner\">\n<h1 class=\"has-text-align-center wp-block-post-title has-text-color has-ast-global-color-5-color\">Donar<\/h1>\n<\/div><\/div><\/div>\n<\/div><\/div>\n\n<div  class=\"tpgb-section tpgb-block-11bd7d  tpgb-section-height-min-height    minus-section  \" data-id=\"11bd7d\"   ><div class=\"tpgb-section-wrap  tpgb-align-items-center tpgb-container\">\n<div class=\"tpgb-column tpgb-block-14c704  tpgb-md-col-100 tpgb-sm-col-100 tpgb-xs-col-100\"  data-id=\"14c704\"  ><div class=\"tpgb-column-wrap\"><div class=\"tpgb-column-inner\"><\/div><\/div><\/div>\n<\/div><\/div>\n\n<div  class=\"tpgb-section tpgb-block-8b679c  tpgb-section-stretch-row alignfull    gestures-section alignfull  \" data-id=\"8b679c\"   ><div class=\"tpgb-section-wrap  tpgb-container\">\n<div class=\"tpgb-column tpgb-block-a213db  tpgb-md-col-52 tpgb-sm-col-50 tpgb-xs-col-100\"  data-id=\"a213db\"  ><div class=\"tpgb-column-wrap\"><div class=\"tpgb-column-inner\">\n\n<h3 class=\"wp-block-heading\">Peque\u00f1os Gestos Salvan Vidas<\/h3>\n\n\n\n<p class=\"has-medium-font-size\">Su donaci\u00f3n se utilizar\u00e1 para apoyar el trabajo de Trek Medics para mejorar el acceso a la atenci\u00f3n de emergencia que salva vidas para las poblaciones en riesgo y vulnerables.<\/p>\n\n\n\n<p class=\"has-medium-font-size\">Gracias a nuestros donantes, cada a\u00f1o decenas de miles de personas que sufren emergencias traum\u00e1ticas o que ponen en peligro su vida son atendidas por los equipos de respuesta locales que son enviados a trav\u00e9s del software de comunicaciones que construimos.<\/p>\n\n\n\n<p class=\"has-medium-font-size\">Desde las lesiones por accidentes de tr\u00e1fico hasta las sobredosis de opioides, desde los ni\u00f1os enfermos hasta las mujeres maltratadas, y desde las zonas de cat\u00e1strofe hasta las zonas de conflicto, nuestro trabajo consigue que la gente reciba ayuda cuando y donde la necesita, todo ello gracias a la generosidad de personas como usted.<\/p>\n\n\n\n<p class=\"has-text-color\" style=\"color:#828282\">Trek Medics International es una organizaci\u00f3n sin fines de lucro registrada como 501c3. (EIN: 27-4188010)<\/p>\n\n<\/div><\/div><\/div>\n\n<div class=\"tpgb-column tpgb-block-d7ea39 donate-box minus-section tpgb-md-col-48 tpgb-sm-col-50 tpgb-xs-col-100\"  data-id=\"d7ea39\"  ><div class=\"tpgb-column-wrap\"><div class=\"tpgb-column-inner\">\n\n<figure class=\"wp-block-image aligncenter size-full\"><img decoding=\"async\" width=\"160\" height=\"160\" src=\"https:\/\/trekmedics.org\/wp-content\/uploads\/2022\/08\/hand.png\" alt=\"\" class=\"wp-image-36687\" srcset=\"https:\/\/trekmedics.org\/wp-content\/uploads\/2022\/08\/hand.png 160w, https:\/\/trekmedics.org\/wp-content\/uploads\/2022\/08\/hand-150x150.png 150w, https:\/\/trekmedics.org\/wp-content\/uploads\/2022\/08\/hand-700x700.png 700w\" sizes=\"(max-width: 160px) 100vw, 160px\" \/><\/figure>\n\n\n\n<h5 class=\"has-text-align-center has-ast-global-color-5-color has-text-color wp-block-heading\" style=\"font-style:normal;font-weight:400;line-height:1.2\">Done y ayude a mejorar la atenci\u00f3n de emergencia que salva vidas para las poblaciones vulnerables y de riesgo.<\/h5>\n\n\n\n<div id=\"donate-button\">\n\n<form action=\"https:\/\/www.paypal.com\/cgi-bin\/webscr\" method=\"post\" target=\"_blank\"><input type=\"hidden\" name=\"cmd\" value=\"_s-xclick\">\n\n<input type=\"hidden\" name=\"hosted_button_id\" value=\"KFQGL3MZX5KS8\">\n\n<button class=\"button-link-wrap ast-custom-button\" role=\"button\" data-hover=\"Click Here\"><span>Donar Hoy<\/span><\/button>\n<\/form>\n\n<\/div>\n\n\n\n<div class=\"wp-block-getwid-image-box has-image-right has-text-center has-mobile-layout-default has-mobile-alignment-default\"><div class=\"wp-block-getwid-image-box__image-container is-position-top\"><div class=\"wp-block-getwid-image-box__image-wrapper\"><img decoding=\"async\" width=\"105\" height=\"28\" src=\"https:\/\/trekmedics.org\/wp-content\/uploads\/2022\/08\/paypal-svgrepo-com-1.png\" alt=\"\" class=\"wp-block-getwid-image-box__image wp-image-37773\"\/><\/div><\/div><div class=\"wp-block-getwid-image-box__content\">\n<h6 class=\"has-text-align-left has-ast-global-color-5-color has-text-color wp-block-heading\" style=\"font-size:18px;font-style:normal;font-weight:400\">Donaciones realizadas a trav\u00e9s de<\/h6>\n<\/div><\/div>\n\n<\/div><\/div><\/div>\n<\/div><\/div>\n\n<div  class=\"tpgb-section tpgb-block-ae4a12     get-started-section  \" data-id=\"ae4a12\"   ><div class=\"tpgb-section-wrap  tpgb-container\">\n<div class=\"tpgb-column tpgb-block-9722b8  tpgb-md-col-28 tpgb-sm-col-34 tpgb-xs-col-100\"  data-id=\"9722b8\"  ><div class=\"tpgb-column-wrap\"><div class=\"tpgb-column-inner\">\n\n<figure class=\"wp-block-image size-full is-resized size-large\"><img decoding=\"async\" src=\"https:\/\/trekmedics.org\/wp-content\/uploads\/2022\/09\/ambulance-warning.svg\" alt=\"\" class=\"wp-image-41410\" width=\"200\" height=\"200\"\/><\/figure>\n\n<\/div><\/div><\/div>\n\n<div class=\"tpgb-column tpgb-block-62c161  tpgb-md-col-72 tpgb-sm-col-66 tpgb-xs-col-100\"  data-id=\"62c161\"  ><div class=\"tpgb-column-wrap\"><div class=\"tpgb-column-inner\">\n\n<h3 class=\"wp-block-heading\">\u00a1Comience con Beacon Hoy!<\/h3>\n\n\n\n<h6 class=\"undefined uag-hide-mob wp-block-heading\" style=\"font-size:22px;font-style:normal;font-weight:400\">\u00danase a otras organizaciones de Respuesta a Crisis exitosas en todo el mundo y env\u00ede la respuesta adecuada a la crisis correcta en el momento indicado.<\/h6>\n\n\n<div class=\"tpgb-plus-button tpgb-relative-block tpgb-block-109398 button-style-13 hover-right  \"><div class=\"animted-content-inner\"><a href=\"https:\/\/beacon.trekmedics.org\/signup\"   class=\"button-link-wrap     \" role=\"button\" aria-label=\"Prueba Gratuita de 90 D\u00edas\" data-hover=\"Click Here\" ><span>Prueba Gratuita de 90 D\u00edas<\/span><\/a><\/div><\/div>\n<\/div><\/div><\/div>\n<\/div><\/div>","protected":false},"excerpt":{"rendered":"","protected":false},"author":3,"featured_media":0,"parent":0,"menu_order":0,"comment_status":"closed","ping_status":"closed","template":"","meta":{"tpgb_global_settings":"","_uag_custom_page_level_css":"","site-sidebar-layout":"default","site-content-layout":"plain-container","ast-site-content-layout":"","site-content-style":"default","site-sidebar-style":"default","ast-global-header-display":"","ast-banner-title-visibility":"","ast-main-header-display":"","ast-hfb-above-header-display":"","ast-hfb-below-header-display":"","ast-hfb-mobile-header-display":"","site-post-title":"disabled","ast-breadcrumbs-content":"","ast-featured-img":"","footer-sml-layout":"","theme-transparent-header-meta":"","adv-header-id-meta":"","stick-header-meta":"","header-above-stick-meta":"","header-main-stick-meta":"","header-below-stick-meta":"","astra-migrate-meta-layouts":"","ast-page-background-enabled":"default","ast-page-background-meta":{"desktop":{"background-color":"var(--ast-global-color-4)","background-image":"","background-repeat":"repeat","background-position":"center center","background-size":"auto","background-attachment":"scroll","background-type":"","background-media":"","overlay-type":"","overlay-color":"","overlay-gradient":""},"tablet":{"background-color":"","background-image":"","background-repeat":"repeat","background-position":"center center","background-size":"auto","background-attachment":"scroll","background-type":"","background-media":"","overlay-type":"","overlay-color":"","overlay-gradient":""},"mobile":{"background-color":"","background-image":"","background-repeat":"repeat","background-position":"center center","background-size":"auto","background-attachment":"scroll","background-type":"","background-media":"","overlay-type":"","overlay-color":"","overlay-gradient":""}},"ast-content-background-meta":{"desktop":{"background-color":"var(--ast-global-color-5)","background-image":"","background-repeat":"repeat","background-position":"center center","background-size":"auto","background-attachment":"scroll","background-type":"","background-media":"","overlay-type":"","overlay-color":"","overlay-gradient":""},"tablet":{"background-color":"var(--ast-global-color-5)","background-image":"","background-repeat":"repeat","background-position":"center center","background-size":"auto","background-attachment":"scroll","background-type":"","background-media":"","overlay-type":"","overlay-color":"","overlay-gradient":""},"mobile":{"background-color":"var(--ast-global-color-5)","background-image":"","background-repeat":"repeat","background-position":"center center","background-size":"auto","background-attachment":"scroll","background-type":"","background-media":"","overlay-type":"","overlay-color":"","overlay-gradient":""}},"footnotes":""},"class_list":["post-40731","page","type-page","status-publish","hentry"],"yoast_head":"<!-- This site is optimized with the Yoast SEO plugin v27.3 - https:\/\/yoast.com\/product\/yoast-seo-wordpress\/ -->\n<title>Donar - Trek Medics International<\/title>\n<meta name=\"robots\" content=\"index, follow, max-snippet:-1, max-image-preview:large, max-video-preview:-1\" \/>\n<link rel=\"canonical\" href=\"https:\/\/trekmedics.org\/es\/donar\/\" \/>\n<meta property=\"og:locale\" content=\"es_ES\" \/>\n<meta property=\"og:type\" content=\"article\" \/>\n<meta property=\"og:title\" content=\"Donar - Trek Medics International\" \/>\n<meta property=\"og:url\" content=\"https:\/\/trekmedics.org\/es\/donar\/\" \/>\n<meta property=\"og:site_name\" content=\"Trek Medics International\" \/>\n<meta property=\"article:modified_time\" content=\"2022-11-02T00:00:14+00:00\" \/>\n<meta property=\"og:image\" content=\"https:\/\/trekmedics.org\/wp-content\/uploads\/2022\/08\/hand.png\" \/>\n<meta name=\"twitter:card\" content=\"summary_large_image\" \/>\n<meta name=\"twitter:label1\" content=\"Tiempo de lectura\" \/>\n\t<meta name=\"twitter:data1\" content=\"2 minutos\" \/>\n<script type=\"application\/ld+json\" class=\"yoast-schema-graph\">{\"@context\":\"https:\\\/\\\/schema.org\",\"@graph\":[{\"@type\":\"WebPage\",\"@id\":\"https:\\\/\\\/trekmedics.org\\\/es\\\/donar\\\/\",\"url\":\"https:\\\/\\\/trekmedics.org\\\/es\\\/donar\\\/\",\"name\":\"Donar - Trek Medics International\",\"isPartOf\":{\"@id\":\"https:\\\/\\\/trekmedics.org\\\/es\\\/#website\"},\"primaryImageOfPage\":{\"@id\":\"https:\\\/\\\/trekmedics.org\\\/es\\\/donar\\\/#primaryimage\"},\"image\":{\"@id\":\"https:\\\/\\\/trekmedics.org\\\/es\\\/donar\\\/#primaryimage\"},\"thumbnailUrl\":\"https:\\\/\\\/trekmedics.org\\\/wp-content\\\/uploads\\\/2022\\\/08\\\/hand.png\",\"datePublished\":\"2022-08-03T12:35:49+00:00\",\"dateModified\":\"2022-11-02T00:00:14+00:00\",\"breadcrumb\":{\"@id\":\"https:\\\/\\\/trekmedics.org\\\/es\\\/donar\\\/#breadcrumb\"},\"inLanguage\":\"es\",\"potentialAction\":[{\"@type\":\"ReadAction\",\"target\":[\"https:\\\/\\\/trekmedics.org\\\/es\\\/donar\\\/\"]}]},{\"@type\":\"ImageObject\",\"inLanguage\":\"es\",\"@id\":\"https:\\\/\\\/trekmedics.org\\\/es\\\/donar\\\/#primaryimage\",\"url\":\"https:\\\/\\\/trekmedics.org\\\/wp-content\\\/uploads\\\/2022\\\/08\\\/hand.png\",\"contentUrl\":\"https:\\\/\\\/trekmedics.org\\\/wp-content\\\/uploads\\\/2022\\\/08\\\/hand.png\"},{\"@type\":\"BreadcrumbList\",\"@id\":\"https:\\\/\\\/trekmedics.org\\\/es\\\/donar\\\/#breadcrumb\",\"itemListElement\":[{\"@type\":\"ListItem\",\"position\":1,\"name\":\"Home\",\"item\":\"https:\\\/\\\/trekmedics.org\\\/es\\\/\"},{\"@type\":\"ListItem\",\"position\":2,\"name\":\"Donar\"}]},{\"@type\":\"WebSite\",\"@id\":\"https:\\\/\\\/trekmedics.org\\\/es\\\/#website\",\"url\":\"https:\\\/\\\/trekmedics.org\\\/es\\\/\",\"name\":\"Trek Medics International\",\"description\":\"Dedicated to Improving Emergency Medical Systems Worldwide\",\"publisher\":{\"@id\":\"https:\\\/\\\/trekmedics.org\\\/es\\\/#organization\"},\"potentialAction\":[{\"@type\":\"SearchAction\",\"target\":{\"@type\":\"EntryPoint\",\"urlTemplate\":\"https:\\\/\\\/trekmedics.org\\\/es\\\/?s={search_term_string}\"},\"query-input\":{\"@type\":\"PropertyValueSpecification\",\"valueRequired\":true,\"valueName\":\"search_term_string\"}}],\"inLanguage\":\"es\"},{\"@type\":\"Organization\",\"@id\":\"https:\\\/\\\/trekmedics.org\\\/es\\\/#organization\",\"name\":\"Trek Medics International\",\"url\":\"https:\\\/\\\/trekmedics.org\\\/es\\\/\",\"logo\":{\"@type\":\"ImageObject\",\"inLanguage\":\"es\",\"@id\":\"https:\\\/\\\/trekmedics.org\\\/es\\\/#\\\/schema\\\/logo\\\/image\\\/\",\"url\":\"https:\\\/\\\/trekmedics.org\\\/wp-content\\\/uploads\\\/2021\\\/04\\\/cropped-cropped-trek-medics-520_logo.png\",\"contentUrl\":\"https:\\\/\\\/trekmedics.org\\\/wp-content\\\/uploads\\\/2021\\\/04\\\/cropped-cropped-trek-medics-520_logo.png\",\"width\":520,\"height\":520,\"caption\":\"Trek Medics International\"},\"image\":{\"@id\":\"https:\\\/\\\/trekmedics.org\\\/es\\\/#\\\/schema\\\/logo\\\/image\\\/\"}}]}<\/script>\n<!-- \/ Yoast SEO plugin. -->","yoast_head_json":{"title":"Donar - Trek Medics International","robots":{"index":"index","follow":"follow","max-snippet":"max-snippet:-1","max-image-preview":"max-image-preview:large","max-video-preview":"max-video-preview:-1"},"canonical":"https:\/\/trekmedics.org\/es\/donar\/","og_locale":"es_ES","og_type":"article","og_title":"Donar - Trek Medics International","og_url":"https:\/\/trekmedics.org\/es\/donar\/","og_site_name":"Trek Medics International","article_modified_time":"2022-11-02T00:00:14+00:00","og_image":[{"url":"https:\/\/trekmedics.org\/wp-content\/uploads\/2022\/08\/hand.png","type":"","width":"","height":""}],"twitter_card":"summary_large_image","twitter_misc":{"Tiempo de lectura":"2 minutos"},"schema":{"@context":"https:\/\/schema.org","@graph":[{"@type":"WebPage","@id":"https:\/\/trekmedics.org\/es\/donar\/","url":"https:\/\/trekmedics.org\/es\/donar\/","name":"Donar - Trek Medics International","isPartOf":{"@id":"https:\/\/trekmedics.org\/es\/#website"},"primaryImageOfPage":{"@id":"https:\/\/trekmedics.org\/es\/donar\/#primaryimage"},"image":{"@id":"https:\/\/trekmedics.org\/es\/donar\/#primaryimage"},"thumbnailUrl":"https:\/\/trekmedics.org\/wp-content\/uploads\/2022\/08\/hand.png","datePublished":"2022-08-03T12:35:49+00:00","dateModified":"2022-11-02T00:00:14+00:00","breadcrumb":{"@id":"https:\/\/trekmedics.org\/es\/donar\/#breadcrumb"},"inLanguage":"es","potentialAction":[{"@type":"ReadAction","target":["https:\/\/trekmedics.org\/es\/donar\/"]}]},{"@type":"ImageObject","inLanguage":"es","@id":"https:\/\/trekmedics.org\/es\/donar\/#primaryimage","url":"https:\/\/trekmedics.org\/wp-content\/uploads\/2022\/08\/hand.png","contentUrl":"https:\/\/trekmedics.org\/wp-content\/uploads\/2022\/08\/hand.png"},{"@type":"BreadcrumbList","@id":"https:\/\/trekmedics.org\/es\/donar\/#breadcrumb","itemListElement":[{"@type":"ListItem","position":1,"name":"Home","item":"https:\/\/trekmedics.org\/es\/"},{"@type":"ListItem","position":2,"name":"Donar"}]},{"@type":"WebSite","@id":"https:\/\/trekmedics.org\/es\/#website","url":"https:\/\/trekmedics.org\/es\/","name":"Trek Medics International","description":"Dedicated to Improving Emergency Medical Systems Worldwide","publisher":{"@id":"https:\/\/trekmedics.org\/es\/#organization"},"potentialAction":[{"@type":"SearchAction","target":{"@type":"EntryPoint","urlTemplate":"https:\/\/trekmedics.org\/es\/?s={search_term_string}"},"query-input":{"@type":"PropertyValueSpecification","valueRequired":true,"valueName":"search_term_string"}}],"inLanguage":"es"},{"@type":"Organization","@id":"https:\/\/trekmedics.org\/es\/#organization","name":"Trek Medics International","url":"https:\/\/trekmedics.org\/es\/","logo":{"@type":"ImageObject","inLanguage":"es","@id":"https:\/\/trekmedics.org\/es\/#\/schema\/logo\/image\/","url":"https:\/\/trekmedics.org\/wp-content\/uploads\/2021\/04\/cropped-cropped-trek-medics-520_logo.png","contentUrl":"https:\/\/trekmedics.org\/wp-content\/uploads\/2021\/04\/cropped-cropped-trek-medics-520_logo.png","width":520,"height":520,"caption":"Trek Medics International"},"image":{"@id":"https:\/\/trekmedics.org\/es\/#\/schema\/logo\/image\/"}}]}},"tpgb_featured_images":null,"tpgb_post_meta_info":{"get_date":"agosto 3, 2022","author_name":"jfriesen","author_url":"https:\/\/trekmedics.org\/es\/author\/jfriesen\/","author_email":"jfriesen@trekmedics.org","author_website":"","author_description":"","author_facebook":"","author_twitter":"","author_instagram":"","author_role":["administrator"],"author_firstname":"J.","author_lastname":"Friesen","user_login":"jfriesen","author_avatar":"<img alt='' src='https:\/\/secure.gravatar.com\/avatar\/34201212dd85d95ffc0ad06e1e44ed35eadd3dd9aa218724e8fb9b6cb9f49041?s=200&#038;d=mm&#038;r=g' srcset='https:\/\/secure.gravatar.com\/avatar\/34201212dd85d95ffc0ad06e1e44ed35eadd3dd9aa218724e8fb9b6cb9f49041?s=400&#038;d=mm&#038;r=g 2x' class='avatar avatar-200 photo' height='200' width='200' decoding='async'\/>","author_avatar_url":"https:\/\/secure.gravatar.com\/avatar\/34201212dd85d95ffc0ad06e1e44ed35eadd3dd9aa218724e8fb9b6cb9f49041?s=96&d=mm&r=g","comment_count":0,"post_likes":0,"post_views":0},"tpgb_post_category":[],"uagb_featured_image_src":{"full":false,"thumbnail":false,"medium":false,"medium_large":false,"large":false,"1536x1536":false,"2048x2048":false,"tp-image-grid":false},"uagb_author_info":{"display_name":"jfriesen","author_link":"https:\/\/trekmedics.org\/es\/author\/jfriesen\/"},"uagb_comment_info":0,"uagb_excerpt":null,"_links":{"self":[{"href":"https:\/\/trekmedics.org\/es\/wp-json\/wp\/v2\/pages\/40731","targetHints":{"allow":["GET"]}}],"collection":[{"href":"https:\/\/trekmedics.org\/es\/wp-json\/wp\/v2\/pages"}],"about":[{"href":"https:\/\/trekmedics.org\/es\/wp-json\/wp\/v2\/types\/page"}],"author":[{"embeddable":true,"href":"https:\/\/trekmedics.org\/es\/wp-json\/wp\/v2\/users\/3"}],"replies":[{"embeddable":true,"href":"https:\/\/trekmedics.org\/es\/wp-json\/wp\/v2\/comments?post=40731"}],"version-history":[{"count":8,"href":"https:\/\/trekmedics.org\/es\/wp-json\/wp\/v2\/pages\/40731\/revisions"}],"predecessor-version":[{"id":44808,"href":"https:\/\/trekmedics.org\/es\/wp-json\/wp\/v2\/pages\/40731\/revisions\/44808"}],"wp:attachment":[{"href":"https:\/\/trekmedics.org\/es\/wp-json\/wp\/v2\/media?parent=40731"}],"curies":[{"name":"wp","href":"https:\/\/api.w.org\/{rel}","templated":true}]}}